{"id":1362,"date":"2020-09-06T16:42:41","date_gmt":"2020-09-06T16:42:41","guid":{"rendered":"https:\/\/shop.vollmer-feinmechanik.de\/shop\/?page_id=1362"},"modified":"2023-03-25T14:15:10","modified_gmt":"2023-03-25T14:15:10","slug":"galerie","status":"publish","type":"page","link":"https:\/\/www.vt-metallverarbeitung.de\/index.php\/galerie\/","title":{"rendered":"Galerie"},"content":{"rendered":"\n<p id=\"headerinfo\"><font><font color=\"#A4A4A4\">Vollmer &amp; Tries GbR | +49 (0) 6809 \/ 180 000 | info(at)vt-metallverarbeitung.de | Mo. &#8211; Fr. 8.00 &#8211; 16.00 Uhr<\/font><\/font><\/p>\n\n\n\n<h1 class=\"space-bottom shadow-bottom\">Galerie<br><span style=\"text-transform:none;\">Von St\u00e4hlen, Toren und Terrassen&#8230;<\/span><\/h1>\n\n\n\n<h3 id=\"gallerytore\" style=\"text-align:center;\">Tore &amp; Antriebstechnik (nicht nur) f\u00fcr Ihre Garage<br><span style=\"text-transform:none;\">Montage, Wartung und Vertrieb von Schwingtoren, Drehtoren, Sektionaltoren, Rolltoren, Deckenlauftoren<\/span><\/h3>\n\n\n\nngg_shortcode_0_placeholder\n\n\n\n<h3 id=\"gallerytueren\" style=\"text-align:center;\">Funktionst\u00fcren &amp; Schlie\u00dftechnik<br><span style=\"text-transform:none;\">Brandschutzt\u00fcren mit Rauchabschluss und Schalld\u00e4mmung,\nSicherheitst\u00fcren f\u00fcr jeden Sicherheitsbereich. Von einfacher zweckm\u00e4\u00dfiger Optik bis hin zum echten Blickfang.<\/span><\/h3>\n\n\n\nngg_shortcode_1_placeholder\n\n\n\n<h3 id=\"gallerystahl\" style=\"text-align:center;\">Stahl-, Edelstahl- und Leichtmetall-Konstruktionen<br><span style=\"text-transform:none;\">Fertigung und Montage von Balkonen, Carports, \u00dcberdachungen u.v.m.<\/span><\/h3>\n\n\n\nngg_shortcode_2_placeholder\n\n\n\n<h3 id=\"gallerytreppen\" style=\"text-align:center;\">Treppen und Gel\u00e4nder aus eigener V&amp;T-Produktion<br><span style=\"text-transform:none;\">Individuelle Handl\u00e4ufe, Treppen, Treppengel\u00e4nder und Balkongel\u00e4nder<\/span><\/h3>\n\n\n\nngg_shortcode_3_placeholder\n\n\n\n<h3 id=\"galleryrestauration\" style=\"text-align:center;\">Restauration &amp; Sanierung<br><span style=\"text-transform:none;\">Wir lassen alte Metall-Konstruktionen in neuem Glanz erstrahlen<\/span><\/h3>\n\n\n\nngg_shortcode_4_placeholder\n","protected":false},"excerpt":{"rendered":"<p>Vollmer &amp; Tries GbR | +49 (0) 6809 \/ 180 000 | info(at)vt-metallverarbeitung.de | Mo. &#8211; Fr. 8.00 &#8211; 16.00 Uhr GalerieVon St\u00e4hlen, Toren und Terrassen&#8230; Tore &amp; Antriebstechnik (nicht nur) f\u00fcr Ihre GarageMontage, Wartung und Vertrieb von Schwingtoren, Drehtoren, Sektionaltoren, Rolltoren, Deckenlauftoren Funktionst\u00fcren &amp; Schlie\u00dftechnikBrandschutzt\u00fcren mit Rauchabschluss und Schalld\u00e4mmung, Sicherheitst\u00fcren f\u00fcr jeden Sicherheitsbereich. Von&hellip;&nbsp;<a href=\"https:\/\/www.vt-metallverarbeitung.de\/index.php\/galerie\/\" rel=\"bookmark\">Mehr lesen &raquo;<span class=\"screen-reader-text\">Galerie<\/span><\/a><\/p>\n","protected":false},"author":1,"featured_media":0,"parent":0,"menu_order":0,"comment_status":"closed","ping_status":"closed","template":"","meta":{"neve_meta_sidebar":"full-width","neve_meta_container":"full-width","neve_meta_enable_content_width":"on","neve_meta_content_width":100,"neve_meta_title_alignment":"","neve_meta_author_avatar":"","neve_post_elements_order":"","neve_meta_disable_header":"","neve_meta_disable_footer":"","neve_meta_disable_title":"on","neve_meta_reading_time":"","ngg_post_thumbnail":0,"footnotes":""},"class_list":["post-1362","page","type-page","status-publish","hentry"],"yoast_head":"<!-- This site is optimized with the Yoast SEO plugin v27.4 - https:\/\/yoast.com\/product\/yoast-seo-wordpress\/ -->\n<title>Galerie - V&amp;T - Maschinen- und Metallbau Meisterbetrieb - Montage von Baufertigelementen<\/title>\n<meta name=\"robots\" content=\"index, follow, max-snippet:-1, max-image-preview:large, max-video-preview:-1\" \/>\n<link rel=\"canonical\" href=\"https:\/\/www.vt-metallverarbeitung.de\/index.php\/galerie\/\" \/>\n<meta property=\"og:locale\" content=\"de_DE\" \/>\n<meta property=\"og:type\" content=\"article\" \/>\n<meta property=\"og:title\" content=\"Galerie - V&amp;T - Maschinen- und Metallbau Meisterbetrieb - Montage von Baufertigelementen\" \/>\n<meta property=\"og:description\" content=\"Vollmer &amp; Tries GbR | +49 (0) 6809 \/ 180 000 | info(at)vt-metallverarbeitung.de | Mo. &#8211; Fr. 8.00 &#8211; 16.00 Uhr GalerieVon St\u00e4hlen, Toren und Terrassen&#8230; Tore &amp; Antriebstechnik (nicht nur) f\u00fcr Ihre GarageMontage, Wartung und Vertrieb von Schwingtoren, Drehtoren, Sektionaltoren, Rolltoren, Deckenlauftoren Funktionst\u00fcren &amp; Schlie\u00dftechnikBrandschutzt\u00fcren mit Rauchabschluss und Schalld\u00e4mmung, Sicherheitst\u00fcren f\u00fcr jeden Sicherheitsbereich. Von&hellip;&nbsp;Mehr lesen &raquo;Galerie\" \/>\n<meta property=\"og:url\" content=\"https:\/\/www.vt-metallverarbeitung.de\/index.php\/galerie\/\" \/>\n<meta property=\"og:site_name\" content=\"V&amp;T - Maschinen- und Metallbau Meisterbetrieb - Montage von Baufertigelementen\" \/>\n<meta property=\"article:publisher\" content=\"https:\/\/www.facebook.com\/Vollmer-Tries-GbR-286708065541587\/\" \/>\n<meta property=\"article:modified_time\" content=\"2023-03-25T14:15:10+00:00\" \/>\n<meta name=\"twitter:card\" content=\"summary_large_image\" \/>\n<meta name=\"twitter:label1\" content=\"Gesch\u00e4tzte Lesezeit\" \/>\n\t<meta name=\"twitter:data1\" content=\"1\u00a0Minute\" \/>\n<script type=\"application\/ld+json\" class=\"yoast-schema-graph\">{\"@context\":\"https:\\\/\\\/schema.org\",\"@graph\":[{\"@type\":\"WebPage\",\"@id\":\"https:\\\/\\\/www.vt-metallverarbeitung.de\\\/index.php\\\/galerie\\\/\",\"url\":\"https:\\\/\\\/www.vt-metallverarbeitung.de\\\/index.php\\\/galerie\\\/\",\"name\":\"Galerie - V&amp;T - Maschinen- und Metallbau Meisterbetrieb - Montage von Baufertigelementen\",\"isPartOf\":{\"@id\":\"https:\\\/\\\/www.vt-metallverarbeitung.de\\\/#website\"},\"datePublished\":\"2020-09-06T16:42:41+00:00\",\"dateModified\":\"2023-03-25T14:15:10+00:00\",\"breadcrumb\":{\"@id\":\"https:\\\/\\\/www.vt-metallverarbeitung.de\\\/index.php\\\/galerie\\\/#breadcrumb\"},\"inLanguage\":\"de\",\"potentialAction\":[{\"@type\":\"ReadAction\",\"target\":[\"https:\\\/\\\/www.vt-metallverarbeitung.de\\\/index.php\\\/galerie\\\/\"]}]},{\"@type\":\"BreadcrumbList\",\"@id\":\"https:\\\/\\\/www.vt-metallverarbeitung.de\\\/index.php\\\/galerie\\\/#breadcrumb\",\"itemListElement\":[{\"@type\":\"ListItem\",\"position\":1,\"name\":\"Home\",\"item\":\"https:\\\/\\\/www.vt-metallverarbeitung.de\\\/\"},{\"@type\":\"ListItem\",\"position\":2,\"name\":\"Galerie\"}]},{\"@type\":\"WebSite\",\"@id\":\"https:\\\/\\\/www.vt-metallverarbeitung.de\\\/#website\",\"url\":\"https:\\\/\\\/www.vt-metallverarbeitung.de\\\/\",\"name\":\"V&amp;T - Maschinenbau- und Schwei\u00dffachbetrieb - Montage von Baufertigelementen\",\"description\":\"Als Meister-und Ingenieurbetrieb im metallverarbeitenden Handwerk konzentriert sich die V&amp;T GbR auf die Konstruktion, Verarbeitung und Montage von Maschinen, Metall- und Stahlkonstruktionen\",\"publisher\":{\"@id\":\"https:\\\/\\\/www.vt-metallverarbeitung.de\\\/#organization\"},\"potentialAction\":[{\"@type\":\"SearchAction\",\"target\":{\"@type\":\"EntryPoint\",\"urlTemplate\":\"https:\\\/\\\/www.vt-metallverarbeitung.de\\\/?s={search_term_string}\"},\"query-input\":{\"@type\":\"PropertyValueSpecification\",\"valueRequired\":true,\"valueName\":\"search_term_string\"}}],\"inLanguage\":\"de\"},{\"@type\":\"Organization\",\"@id\":\"https:\\\/\\\/www.vt-metallverarbeitung.de\\\/#organization\",\"name\":\"Vollmer & Tries GbR\",\"url\":\"https:\\\/\\\/www.vt-metallverarbeitung.de\\\/\",\"logo\":{\"@type\":\"ImageObject\",\"inLanguage\":\"de\",\"@id\":\"https:\\\/\\\/www.vt-metallverarbeitung.de\\\/#\\\/schema\\\/logo\\\/image\\\/\",\"url\":\"https:\\\/\\\/www.vt-metallverarbeitung.de\\\/wp-content\\\/uploads\\\/2021\\\/02\\\/WhatsApp-Image-2021-02-27-at-11.27.37.jpeg\",\"contentUrl\":\"https:\\\/\\\/www.vt-metallverarbeitung.de\\\/wp-content\\\/uploads\\\/2021\\\/02\\\/WhatsApp-Image-2021-02-27-at-11.27.37.jpeg\",\"width\":793,\"height\":493,\"caption\":\"Vollmer & Tries GbR\"},\"image\":{\"@id\":\"https:\\\/\\\/www.vt-metallverarbeitung.de\\\/#\\\/schema\\\/logo\\\/image\\\/\"},\"sameAs\":[\"https:\\\/\\\/www.facebook.com\\\/Vollmer-Tries-GbR-286708065541587\\\/\",\"https:\\\/\\\/www.instagram.com\\\/vollmertries\\\/?hl=de\"]}]}<\/script>\n<!-- \/ Yoast SEO plugin. -->","yoast_head_json":{"title":"Galerie - V&amp;T - Maschinen- und Metallbau Meisterbetrieb - Montage von Baufertigelementen","robots":{"index":"index","follow":"follow","max-snippet":"max-snippet:-1","max-image-preview":"max-image-preview:large","max-video-preview":"max-video-preview:-1"},"canonical":"https:\/\/www.vt-metallverarbeitung.de\/index.php\/galerie\/","og_locale":"de_DE","og_type":"article","og_title":"Galerie - V&amp;T - Maschinen- und Metallbau Meisterbetrieb - Montage von Baufertigelementen","og_description":"Vollmer &amp; Tries GbR | +49 (0) 6809 \/ 180 000 | info(at)vt-metallverarbeitung.de | Mo. &#8211; Fr. 8.00 &#8211; 16.00 Uhr GalerieVon St\u00e4hlen, Toren und Terrassen&#8230; Tore &amp; Antriebstechnik (nicht nur) f\u00fcr Ihre GarageMontage, Wartung und Vertrieb von Schwingtoren, Drehtoren, Sektionaltoren, Rolltoren, Deckenlauftoren Funktionst\u00fcren &amp; Schlie\u00dftechnikBrandschutzt\u00fcren mit Rauchabschluss und Schalld\u00e4mmung, Sicherheitst\u00fcren f\u00fcr jeden Sicherheitsbereich. Von&hellip;&nbsp;Mehr lesen &raquo;Galerie","og_url":"https:\/\/www.vt-metallverarbeitung.de\/index.php\/galerie\/","og_site_name":"V&amp;T - Maschinen- und Metallbau Meisterbetrieb - Montage von Baufertigelementen","article_publisher":"https:\/\/www.facebook.com\/Vollmer-Tries-GbR-286708065541587\/","article_modified_time":"2023-03-25T14:15:10+00:00","twitter_card":"summary_large_image","twitter_misc":{"Gesch\u00e4tzte Lesezeit":"1\u00a0Minute"},"schema":{"@context":"https:\/\/schema.org","@graph":[{"@type":"WebPage","@id":"https:\/\/www.vt-metallverarbeitung.de\/index.php\/galerie\/","url":"https:\/\/www.vt-metallverarbeitung.de\/index.php\/galerie\/","name":"Galerie - V&amp;T - Maschinen- und Metallbau Meisterbetrieb - Montage von Baufertigelementen","isPartOf":{"@id":"https:\/\/www.vt-metallverarbeitung.de\/#website"},"datePublished":"2020-09-06T16:42:41+00:00","dateModified":"2023-03-25T14:15:10+00:00","breadcrumb":{"@id":"https:\/\/www.vt-metallverarbeitung.de\/index.php\/galerie\/#breadcrumb"},"inLanguage":"de","potentialAction":[{"@type":"ReadAction","target":["https:\/\/www.vt-metallverarbeitung.de\/index.php\/galerie\/"]}]},{"@type":"BreadcrumbList","@id":"https:\/\/www.vt-metallverarbeitung.de\/index.php\/galerie\/#breadcrumb","itemListElement":[{"@type":"ListItem","position":1,"name":"Home","item":"https:\/\/www.vt-metallverarbeitung.de\/"},{"@type":"ListItem","position":2,"name":"Galerie"}]},{"@type":"WebSite","@id":"https:\/\/www.vt-metallverarbeitung.de\/#website","url":"https:\/\/www.vt-metallverarbeitung.de\/","name":"V&amp;T - Maschinenbau- und Schwei\u00dffachbetrieb - Montage von Baufertigelementen","description":"Als Meister-und Ingenieurbetrieb im metallverarbeitenden Handwerk konzentriert sich die V&amp;T GbR auf die Konstruktion, Verarbeitung und Montage von Maschinen, Metall- und Stahlkonstruktionen","publisher":{"@id":"https:\/\/www.vt-metallverarbeitung.de\/#organization"},"potentialAction":[{"@type":"SearchAction","target":{"@type":"EntryPoint","urlTemplate":"https:\/\/www.vt-metallverarbeitung.de\/?s={search_term_string}"},"query-input":{"@type":"PropertyValueSpecification","valueRequired":true,"valueName":"search_term_string"}}],"inLanguage":"de"},{"@type":"Organization","@id":"https:\/\/www.vt-metallverarbeitung.de\/#organization","name":"Vollmer & Tries GbR","url":"https:\/\/www.vt-metallverarbeitung.de\/","logo":{"@type":"ImageObject","inLanguage":"de","@id":"https:\/\/www.vt-metallverarbeitung.de\/#\/schema\/logo\/image\/","url":"https:\/\/www.vt-metallverarbeitung.de\/wp-content\/uploads\/2021\/02\/WhatsApp-Image-2021-02-27-at-11.27.37.jpeg","contentUrl":"https:\/\/www.vt-metallverarbeitung.de\/wp-content\/uploads\/2021\/02\/WhatsApp-Image-2021-02-27-at-11.27.37.jpeg","width":793,"height":493,"caption":"Vollmer & Tries GbR"},"image":{"@id":"https:\/\/www.vt-metallverarbeitung.de\/#\/schema\/logo\/image\/"},"sameAs":["https:\/\/www.facebook.com\/Vollmer-Tries-GbR-286708065541587\/","https:\/\/www.instagram.com\/vollmertries\/?hl=de"]}]}},"_links":{"self":[{"href":"https:\/\/www.vt-metallverarbeitung.de\/index.php\/wp-json\/wp\/v2\/pages\/1362","targetHints":{"allow":["GET"]}}],"collection":[{"href":"https:\/\/www.vt-metallverarbeitung.de\/index.php\/wp-json\/wp\/v2\/pages"}],"about":[{"href":"https:\/\/www.vt-metallverarbeitung.de\/index.php\/wp-json\/wp\/v2\/types\/page"}],"author":[{"embeddable":true,"href":"https:\/\/www.vt-metallverarbeitung.de\/index.php\/wp-json\/wp\/v2\/users\/1"}],"replies":[{"embeddable":true,"href":"https:\/\/www.vt-metallverarbeitung.de\/index.php\/wp-json\/wp\/v2\/comments?post=1362"}],"version-history":[{"count":47,"href":"https:\/\/www.vt-metallverarbeitung.de\/index.php\/wp-json\/wp\/v2\/pages\/1362\/revisions"}],"predecessor-version":[{"id":2919,"href":"https:\/\/www.vt-metallverarbeitung.de\/index.php\/wp-json\/wp\/v2\/pages\/1362\/revisions\/2919"}],"wp:attachment":[{"href":"https:\/\/www.vt-metallverarbeitung.de\/index.php\/wp-json\/wp\/v2\/media?parent=1362"}],"curies":[{"name":"wp","href":"https:\/\/api.w.org\/{rel}","templated":true}]}}