{"id":595,"date":"2020-08-09T11:56:27","date_gmt":"2020-08-09T11:56:27","guid":{"rendered":"https:\/\/shop.vollmer-feinmechanik.de\/shop\/?page_id=595"},"modified":"2021-02-28T09:59:19","modified_gmt":"2021-02-28T09:59:19","slug":"impressum","status":"publish","type":"page","link":"https:\/\/www.vt-metallverarbeitung.de\/index.php\/impressum\/","title":{"rendered":"Impressum"},"content":{"rendered":"\n<p id=\"headerinfo\"><font><font color=\"#A4A4A4\">Vollmer &amp; Tries GbR | +49 (0) 6809 \/ 180 000 | info(at)vt-metallverarbeitung.de | Mo. &#8211; Fr. 8.00 &#8211; 16.00 Uhr<\/font><\/font><\/p>\n\n\n\n<h1 class=\"space-bottom shadow-bottom wp-block-heading\">Impressum<\/h1>\n\n\n\n<p>Vollmer &amp; Tries GbR<br>Zur Warndtwiese 3<br>66352 Gro\u00dfrosseln<\/p>\n\n\n\n<p>Inhaber: Mathias Vollmer  &amp; Martin Tries<\/p>\n\n\n\n<h5 class=\"clearfont wp-block-heading\">Kontakt<\/h5>\n\n\n\n<p>Telefon: +49 (0) 6809 \/ 180 000<br>E-Mail: info(at)vt-metallverarbeitung.de<\/p>\n\n\n\n<h5 class=\"clearfont wp-block-heading\">Umsatzsteuer-ID<\/h5>\n\n\n\n<p>Umsatzsteuer-Identifikationsnummer gem\u00e4\u00df \u00a7 27 a Umsatzsteuergesetz: DE339306757<br><\/p>\n\n\n\n<h5 class=\"wp-block-heading\">Betriebsnummer<\/h5>\n\n\n\n<p>8022741<\/p>\n\n\n\n<h5 class=\"clearfont wp-block-heading\">EU-Streitschlichtung<\/h5>\n\n\n\n<p>Die Europ\u00e4ische Kommission stellt eine Plattform zur Online-Streitbeilegung (OS) bereit: <a href=\"https:\/\/ec.europa.eu\/consumers\/odr\" target=\"_blank\" rel=\"noreferrer noopener nofollow\">https:\/\/ec.europa.eu\/consumers\/odr<\/a><br>Unsere E-Mail-Adresse finden Sie oben im Impressum.<\/p>\n\n\n\n<h5 class=\"clearfont wp-block-heading\">Verbraucherstreitbeilegung\/Universalschlichtungsstelle<\/h5>\n\n\n\n<p>Wir sind nicht bereit oder verpflichtet, an Streitbeilegungsverfahren vor einer Verbraucherschlichtungsstelle teilzunehmen.<\/p>\n\n\n\n<h5 class=\"clearfont wp-block-heading\">Haftung f\u00fcr Inhalte<\/h5>\n\n\n\n<p>Als Diensteanbieter sind wir gem\u00e4\u00df \u00a7 7 Abs.1 TMG f\u00fcr eigene Inhalte auf diesen Seiten nach den allgemeinen Gesetzen verantwortlich. Nach \u00a7\u00a7 8 bis 10 TMG sind wir als Diensteanbieter jedoch nicht verpflichtet, \u00fcbermittelte oder gespeicherte fremde Informationen zu \u00fcberwachen oder nach Umst\u00e4nden zu forschen, die auf eine rechtswidrige T\u00e4tigkeit hinweisen.<br>Verpflichtungen zur Entfernung oder Sperrung der Nutzung von Informationen nach den allgemeinen Gesetzen bleiben hiervon unber\u00fchrt. Eine diesbez\u00fcgliche Haftung ist jedoch erst ab dem Zeitpunkt der Kenntnis einer Konkreten Rechtsverletzung m\u00f6glich. Bei Bekanntwerden von entsprechenden Rechtsverletzungen werden wir diese Inhalte umgehend entfernen.<\/p>\n\n\n\n<h5 class=\"clearfont wp-block-heading\">Haftung f\u00fcr Links<\/h5>\n\n\n\n<p>Unser Angebot enth\u00e4lt Links zu externen Websites Dritter, auf deren Inhalte wir keinen Einfluss haben. Deshalb k\u00f6nnen wir f\u00fcr diese fremden Inhalte auch keine Gew\u00e4hr \u00fcbernehmen. F\u00fcr die Inhalte der verlinkten Seiten ist stets der jeweilige Anbieter oder Betreiber der Seiten verantwortlich. Die verlinkten Seiten wurden zum Zeitpunkt der Verlinkung auf m\u00f6gliche Rechtsverst\u00f6\u00dfe \u00fcberpr\u00fcft. Rechtswidrige Inhalte waren zum Zeitpunkt der Verlinkung nicht erkennbar.<br>Eine permanente inhaltliche Kontrolle der verlinkten Seiten ist jedoch ohne konkrete Anhaltspunkte einer Rechtsverletzung nicht zumutbar. Bei Bekanntwerden von Rechtsverletzungen werden wir derartige Links umgehend entfernen.<\/p>\n\n\n\n<h5 class=\"clearfont wp-block-heading\">Urheberrecht<\/h5>\n\n\n\n<p>Die durch die Seitenbetreiber erstellten Inhalte und Werke auf diesen Seiten unterliegen dem deutschen Urheberrecht. Die Vervielf\u00e4ltigung, Bearbeitung, Verbreitung und jede Art der Verwertung au\u00dferhalb der Grenzen des Urheberrechtes bed\u00fcrfen der schriftlichen Zustimmung des jeweiligen Autors bzw. Erstellers.<br>Downloads und Kopien dieser Seite sind nur f\u00fcr den privaten, nicht kommerziellen Gebrauch gestattet. Soweit die Inhalte auf dieser Seite nicht vom Betreiber erstellt wurden, werden die Urheberrechte Dritter beachtet. Insbesondere werden Inhalte Dritter als solche gekennzeichnet. Sollten Sie trotzdem auf eine Urheberrechtsverletzung aufmerksam werden, bitten wir um einen entsprechenden Hinweis. Bei Bekanntwerden von Rechtsverletzungen werden wir derartige Inhalte umgehend entfernen.<\/p>\n\n\n\n<p>Quelle: <a href=\"https:\/\/www.e-recht24.de\" target=\"_blank\" rel=\"noreferrer noopener nofollow\">https:\/\/www.e-recht24.de<\/a><\/p>\n","protected":false},"excerpt":{"rendered":"<p>Vollmer &amp; Tries GbR | +49 (0) 6809 \/ 180 000 | info(at)vt-metallverarbeitung.de | Mo. &#8211; Fr. 8.00 &#8211; 16.00 Uhr Impressum Vollmer &amp; Tries GbRZur Warndtwiese 366352 Gro\u00dfrosseln Inhaber: Mathias Vollmer &amp; Martin Tries Kontakt Telefon: +49 (0) 6809 \/ 180 000E-Mail: info(at)vt-metallverarbeitung.de Umsatzsteuer-ID Umsatzsteuer-Identifikationsnummer gem\u00e4\u00df \u00a7 27 a Umsatzsteuergesetz: DE339306757 Betriebsnummer 8022741 EU-Streitschlichtung&hellip;&nbsp;<a href=\"https:\/\/www.vt-metallverarbeitung.de\/index.php\/impressum\/\" rel=\"bookmark\">Mehr lesen &raquo;<span class=\"screen-reader-text\">Impressum<\/span><\/a><\/p>\n","protected":false},"author":1,"featured_media":0,"parent":0,"menu_order":0,"comment_status":"closed","ping_status":"closed","template":"","meta":{"neve_meta_sidebar":"full-width","neve_meta_container":"full-width","neve_meta_enable_content_width":"on","neve_meta_content_width":85,"neve_meta_title_alignment":"","neve_meta_author_avatar":"","neve_post_elements_order":"","neve_meta_disable_header":"","neve_meta_disable_footer":"","neve_meta_disable_title":"on","neve_meta_reading_time":"","ngg_post_thumbnail":0,"footnotes":""},"class_list":["post-595","page","type-page","status-publish","hentry"],"yoast_head":"<!-- This site is optimized with the Yoast SEO plugin v27.4 - https:\/\/yoast.com\/product\/yoast-seo-wordpress\/ -->\n<title>Impressum - V&amp;T - Maschinen- und Metallbau Meisterbetrieb - Montage von Baufertigelementen<\/title>\n<meta name=\"robots\" content=\"index, follow, max-snippet:-1, max-image-preview:large, max-video-preview:-1\" \/>\n<link rel=\"canonical\" href=\"https:\/\/www.vt-metallverarbeitung.de\/index.php\/impressum\/\" \/>\n<meta property=\"og:locale\" content=\"de_DE\" \/>\n<meta property=\"og:type\" content=\"article\" \/>\n<meta property=\"og:title\" content=\"Impressum - V&amp;T - Maschinen- und Metallbau Meisterbetrieb - Montage von Baufertigelementen\" \/>\n<meta property=\"og:description\" content=\"Vollmer &amp; Tries GbR | +49 (0) 6809 \/ 180 000 | info(at)vt-metallverarbeitung.de | Mo. &#8211; Fr. 8.00 &#8211; 16.00 Uhr Impressum Vollmer &amp; Tries GbRZur Warndtwiese 366352 Gro\u00dfrosseln Inhaber: Mathias Vollmer &amp; Martin Tries Kontakt Telefon: +49 (0) 6809 \/ 180 000E-Mail: info(at)vt-metallverarbeitung.de Umsatzsteuer-ID Umsatzsteuer-Identifikationsnummer gem\u00e4\u00df \u00a7 27 a Umsatzsteuergesetz: DE339306757 Betriebsnummer 8022741 EU-Streitschlichtung&hellip;&nbsp;Mehr lesen &raquo;Impressum\" \/>\n<meta property=\"og:url\" content=\"https:\/\/www.vt-metallverarbeitung.de\/index.php\/impressum\/\" \/>\n<meta property=\"og:site_name\" content=\"V&amp;T - Maschinen- und Metallbau Meisterbetrieb - Montage von Baufertigelementen\" \/>\n<meta property=\"article:publisher\" content=\"https:\/\/www.facebook.com\/Vollmer-Tries-GbR-286708065541587\/\" \/>\n<meta property=\"article:modified_time\" content=\"2021-02-28T09:59:19+00:00\" \/>\n<meta name=\"twitter:card\" content=\"summary_large_image\" \/>\n<meta name=\"twitter:label1\" content=\"Gesch\u00e4tzte Lesezeit\" \/>\n\t<meta name=\"twitter:data1\" content=\"2\u00a0Minuten\" \/>\n<script type=\"application\/ld+json\" class=\"yoast-schema-graph\">{\"@context\":\"https:\\\/\\\/schema.org\",\"@graph\":[{\"@type\":\"WebPage\",\"@id\":\"https:\\\/\\\/www.vt-metallverarbeitung.de\\\/index.php\\\/impressum\\\/\",\"url\":\"https:\\\/\\\/www.vt-metallverarbeitung.de\\\/index.php\\\/impressum\\\/\",\"name\":\"Impressum - V&amp;T - Maschinen- und Metallbau Meisterbetrieb - Montage von Baufertigelementen\",\"isPartOf\":{\"@id\":\"https:\\\/\\\/www.vt-metallverarbeitung.de\\\/#website\"},\"datePublished\":\"2020-08-09T11:56:27+00:00\",\"dateModified\":\"2021-02-28T09:59:19+00:00\",\"breadcrumb\":{\"@id\":\"https:\\\/\\\/www.vt-metallverarbeitung.de\\\/index.php\\\/impressum\\\/#breadcrumb\"},\"inLanguage\":\"de\",\"potentialAction\":[{\"@type\":\"ReadAction\",\"target\":[\"https:\\\/\\\/www.vt-metallverarbeitung.de\\\/index.php\\\/impressum\\\/\"]}]},{\"@type\":\"BreadcrumbList\",\"@id\":\"https:\\\/\\\/www.vt-metallverarbeitung.de\\\/index.php\\\/impressum\\\/#breadcrumb\",\"itemListElement\":[{\"@type\":\"ListItem\",\"position\":1,\"name\":\"Home\",\"item\":\"https:\\\/\\\/www.vt-metallverarbeitung.de\\\/\"},{\"@type\":\"ListItem\",\"position\":2,\"name\":\"Impressum\"}]},{\"@type\":\"WebSite\",\"@id\":\"https:\\\/\\\/www.vt-metallverarbeitung.de\\\/#website\",\"url\":\"https:\\\/\\\/www.vt-metallverarbeitung.de\\\/\",\"name\":\"V&amp;T - Maschinenbau- und Schwei\u00dffachbetrieb - Montage von Baufertigelementen\",\"description\":\"Als Meister-und Ingenieurbetrieb im metallverarbeitenden Handwerk konzentriert sich die V&amp;T GbR auf die Konstruktion, Verarbeitung und Montage von Maschinen, Metall- und Stahlkonstruktionen\",\"publisher\":{\"@id\":\"https:\\\/\\\/www.vt-metallverarbeitung.de\\\/#organization\"},\"potentialAction\":[{\"@type\":\"SearchAction\",\"target\":{\"@type\":\"EntryPoint\",\"urlTemplate\":\"https:\\\/\\\/www.vt-metallverarbeitung.de\\\/?s={search_term_string}\"},\"query-input\":{\"@type\":\"PropertyValueSpecification\",\"valueRequired\":true,\"valueName\":\"search_term_string\"}}],\"inLanguage\":\"de\"},{\"@type\":\"Organization\",\"@id\":\"https:\\\/\\\/www.vt-metallverarbeitung.de\\\/#organization\",\"name\":\"Vollmer & Tries GbR\",\"url\":\"https:\\\/\\\/www.vt-metallverarbeitung.de\\\/\",\"logo\":{\"@type\":\"ImageObject\",\"inLanguage\":\"de\",\"@id\":\"https:\\\/\\\/www.vt-metallverarbeitung.de\\\/#\\\/schema\\\/logo\\\/image\\\/\",\"url\":\"https:\\\/\\\/www.vt-metallverarbeitung.de\\\/wp-content\\\/uploads\\\/2021\\\/02\\\/WhatsApp-Image-2021-02-27-at-11.27.37.jpeg\",\"contentUrl\":\"https:\\\/\\\/www.vt-metallverarbeitung.de\\\/wp-content\\\/uploads\\\/2021\\\/02\\\/WhatsApp-Image-2021-02-27-at-11.27.37.jpeg\",\"width\":793,\"height\":493,\"caption\":\"Vollmer & Tries GbR\"},\"image\":{\"@id\":\"https:\\\/\\\/www.vt-metallverarbeitung.de\\\/#\\\/schema\\\/logo\\\/image\\\/\"},\"sameAs\":[\"https:\\\/\\\/www.facebook.com\\\/Vollmer-Tries-GbR-286708065541587\\\/\",\"https:\\\/\\\/www.instagram.com\\\/vollmertries\\\/?hl=de\"]}]}<\/script>\n<!-- \/ Yoast SEO plugin. -->","yoast_head_json":{"title":"Impressum - V&amp;T - Maschinen- und Metallbau Meisterbetrieb - Montage von Baufertigelementen","robots":{"index":"index","follow":"follow","max-snippet":"max-snippet:-1","max-image-preview":"max-image-preview:large","max-video-preview":"max-video-preview:-1"},"canonical":"https:\/\/www.vt-metallverarbeitung.de\/index.php\/impressum\/","og_locale":"de_DE","og_type":"article","og_title":"Impressum - V&amp;T - Maschinen- und Metallbau Meisterbetrieb - Montage von Baufertigelementen","og_description":"Vollmer &amp; Tries GbR | +49 (0) 6809 \/ 180 000 | info(at)vt-metallverarbeitung.de | Mo. &#8211; Fr. 8.00 &#8211; 16.00 Uhr Impressum Vollmer &amp; Tries GbRZur Warndtwiese 366352 Gro\u00dfrosseln Inhaber: Mathias Vollmer &amp; Martin Tries Kontakt Telefon: +49 (0) 6809 \/ 180 000E-Mail: info(at)vt-metallverarbeitung.de Umsatzsteuer-ID Umsatzsteuer-Identifikationsnummer gem\u00e4\u00df \u00a7 27 a Umsatzsteuergesetz: DE339306757 Betriebsnummer 8022741 EU-Streitschlichtung&hellip;&nbsp;Mehr lesen &raquo;Impressum","og_url":"https:\/\/www.vt-metallverarbeitung.de\/index.php\/impressum\/","og_site_name":"V&amp;T - Maschinen- und Metallbau Meisterbetrieb - Montage von Baufertigelementen","article_publisher":"https:\/\/www.facebook.com\/Vollmer-Tries-GbR-286708065541587\/","article_modified_time":"2021-02-28T09:59:19+00:00","twitter_card":"summary_large_image","twitter_misc":{"Gesch\u00e4tzte Lesezeit":"2\u00a0Minuten"},"schema":{"@context":"https:\/\/schema.org","@graph":[{"@type":"WebPage","@id":"https:\/\/www.vt-metallverarbeitung.de\/index.php\/impressum\/","url":"https:\/\/www.vt-metallverarbeitung.de\/index.php\/impressum\/","name":"Impressum - V&amp;T - Maschinen- und Metallbau Meisterbetrieb - Montage von Baufertigelementen","isPartOf":{"@id":"https:\/\/www.vt-metallverarbeitung.de\/#website"},"datePublished":"2020-08-09T11:56:27+00:00","dateModified":"2021-02-28T09:59:19+00:00","breadcrumb":{"@id":"https:\/\/www.vt-metallverarbeitung.de\/index.php\/impressum\/#breadcrumb"},"inLanguage":"de","potentialAction":[{"@type":"ReadAction","target":["https:\/\/www.vt-metallverarbeitung.de\/index.php\/impressum\/"]}]},{"@type":"BreadcrumbList","@id":"https:\/\/www.vt-metallverarbeitung.de\/index.php\/impressum\/#breadcrumb","itemListElement":[{"@type":"ListItem","position":1,"name":"Home","item":"https:\/\/www.vt-metallverarbeitung.de\/"},{"@type":"ListItem","position":2,"name":"Impressum"}]},{"@type":"WebSite","@id":"https:\/\/www.vt-metallverarbeitung.de\/#website","url":"https:\/\/www.vt-metallverarbeitung.de\/","name":"V&amp;T - Maschinenbau- und Schwei\u00dffachbetrieb - Montage von Baufertigelementen","description":"Als Meister-und Ingenieurbetrieb im metallverarbeitenden Handwerk konzentriert sich die V&amp;T GbR auf die Konstruktion, Verarbeitung und Montage von Maschinen, Metall- und Stahlkonstruktionen","publisher":{"@id":"https:\/\/www.vt-metallverarbeitung.de\/#organization"},"potentialAction":[{"@type":"SearchAction","target":{"@type":"EntryPoint","urlTemplate":"https:\/\/www.vt-metallverarbeitung.de\/?s={search_term_string}"},"query-input":{"@type":"PropertyValueSpecification","valueRequired":true,"valueName":"search_term_string"}}],"inLanguage":"de"},{"@type":"Organization","@id":"https:\/\/www.vt-metallverarbeitung.de\/#organization","name":"Vollmer & Tries GbR","url":"https:\/\/www.vt-metallverarbeitung.de\/","logo":{"@type":"ImageObject","inLanguage":"de","@id":"https:\/\/www.vt-metallverarbeitung.de\/#\/schema\/logo\/image\/","url":"https:\/\/www.vt-metallverarbeitung.de\/wp-content\/uploads\/2021\/02\/WhatsApp-Image-2021-02-27-at-11.27.37.jpeg","contentUrl":"https:\/\/www.vt-metallverarbeitung.de\/wp-content\/uploads\/2021\/02\/WhatsApp-Image-2021-02-27-at-11.27.37.jpeg","width":793,"height":493,"caption":"Vollmer & Tries GbR"},"image":{"@id":"https:\/\/www.vt-metallverarbeitung.de\/#\/schema\/logo\/image\/"},"sameAs":["https:\/\/www.facebook.com\/Vollmer-Tries-GbR-286708065541587\/","https:\/\/www.instagram.com\/vollmertries\/?hl=de"]}]}},"_links":{"self":[{"href":"https:\/\/www.vt-metallverarbeitung.de\/index.php\/wp-json\/wp\/v2\/pages\/595","targetHints":{"allow":["GET"]}}],"collection":[{"href":"https:\/\/www.vt-metallverarbeitung.de\/index.php\/wp-json\/wp\/v2\/pages"}],"about":[{"href":"https:\/\/www.vt-metallverarbeitung.de\/index.php\/wp-json\/wp\/v2\/types\/page"}],"author":[{"embeddable":true,"href":"https:\/\/www.vt-metallverarbeitung.de\/index.php\/wp-json\/wp\/v2\/users\/1"}],"replies":[{"embeddable":true,"href":"https:\/\/www.vt-metallverarbeitung.de\/index.php\/wp-json\/wp\/v2\/comments?post=595"}],"version-history":[{"count":30,"href":"https:\/\/www.vt-metallverarbeitung.de\/index.php\/wp-json\/wp\/v2\/pages\/595\/revisions"}],"predecessor-version":[{"id":2466,"href":"https:\/\/www.vt-metallverarbeitung.de\/index.php\/wp-json\/wp\/v2\/pages\/595\/revisions\/2466"}],"wp:attachment":[{"href":"https:\/\/www.vt-metallverarbeitung.de\/index.php\/wp-json\/wp\/v2\/media?parent=595"}],"curies":[{"name":"wp","href":"https:\/\/api.w.org\/{rel}","templated":true}]}}